{"id":666,"date":"2024-05-28T08:39:55","date_gmt":"2024-05-28T06:39:55","guid":{"rendered":"https:\/\/beethovenphilharmonie.at\/das-orchester\/"},"modified":"2025-12-05T19:11:36","modified_gmt":"2025-12-05T17:11:36","slug":"ueber-uns","status":"publish","type":"page","link":"https:\/\/beethovenphilharmonie.at\/en\/ueber-uns\/","title":{"rendered":"The Orchestra"},"content":{"rendered":"\n<p>The Beethoven Philharmonie&nbsp;unites Viennese sound and refinement as well as historically informed&nbsp;performance practice with a fresh&nbsp;musical approach.<\/p>\n\n\n\n<p>The artistic director of the&nbsp;Beethoven Philharmonie is the Viennese born conductor Thomas R\u00f6sner.<\/p>\n\n\n\n<p>Members of established&nbsp;Austrian orchestras play alongside international chamber musicians and highly&nbsp;talented young musicians,&nbsp;creating together a unique spirit, which&nbsp;distinguishes the Beethoven Philharmonie from many other orchestras. A strong&nbsp;collective&nbsp;energy and the joy in music- making carries the audience along with&nbsp;the performers.<\/p>\n\n\n\n<p>The Viennese classics such as Haydn, Mozart, Beethoven and Franz&nbsp;Schubert form the focus of the&nbsp;orchestra.&nbsp;Representing&nbsp;Viennese tradition, the Beethoven Philharmonie plays also a broad repertoire from Romantic music to contemporary creations.<\/p>\n\n\n\n<p>The Beethoven Philharmonie&nbsp;has its own subscription concert series in the Grand Casino of Baden, Austria \u2013&nbsp;one of Beethoven\u2019s favorite&nbsp;towns, full of great cultural history and located in&nbsp;the very heart of Europe.<\/p>\n\n\n\n<p>The orchestra has performed&nbsp;with many well-known soloists&nbsp; such as Chen Reiss, Daniela Fally, Andreas Schager, &nbsp;Michael&nbsp;Schade, G\u00fcnther Groissb\u00f6ck, Vadim Repin, Patricia Kopatchinskaja,&nbsp;Renaud and Gautier Capu\u00e7on, Benjamin Schmid, Till Fellner, Philippe&nbsp;Entremont, Manuel Blanco, Nicolas Bayderou, Alexander&nbsp;Gadjiev, Lidia Baich &nbsp;or Koon-Woo Paik.<\/p>\n\n\n\n<p>The orchestra has been\u00a0invited to play at renowned festivals and concert venues such as the\u00a0Konzerthaus in Vienna, the Cankarjev Dom\u00a0in Ljubljana, Europ\u00e4ische Wochen in\u00a0Passau \/ Germany, Bruckner International Festival in Linz, Klangbogen \u00a0Vienna, the Haydn Festival\u00a0in Eisenstadt, as well as in Paris, Budapest and on\u00a0tours in China, Switzerland, Spain or Poland.<\/p>\n\n\n\n<p>The Beethoven Philharmonie has performed in a highly successful series of educational concerts \u201cKlassiX\u201d at the renowned Musikverein in Vienna. and was part of the festival \u201coperklosterneuburg\u201c at the Klosterneuburg Monastery for many years. The orchestra plays regularly opera productions in the baroque theater at the Imperial castle Sch\u00f6nbrunn in Vienna.<\/p>\n\n\n\n<p>Recent and future projects include\u00a0invitations to Great Festival Hall Salzburg, to the Festival Haydn-Region in Austria, the Summer Festival Innsbruck and the Konzerthaus\u00a0Klagenfurt.<\/p>\n\n\n\n<p>The first Austrian performance of the Symphony in E by Franz Schubert in the new version by Richard D\u00fcnser in 2023 has been broadcast by the Austrian Radio. In February 2024 the orchestra has played the world premiere of Hans Winterberg\u2019s 4<sup>th<\/sup> piano concerto in a cooperation with Boosey&amp;Hawkes and the Exilarte Zentrum in Vienna.<\/p>\n\n\n\n<p>The CD \u00bbVoices\u00ab with works&nbsp;by Beethoven and Mozart &nbsp;for &nbsp;Odradek Records&nbsp; was&nbsp;internationally highly acclaimed. A&nbsp;recording with works by the Israeli&nbsp;composer Menachem Wiesenberg was released in 2023 and got a wide range of excellent reviews.<\/p>\n","protected":false},"excerpt":{"rendered":"<p>The Beethoven Philharmonie&nbsp;unites Viennese sound and refinement as well as historically informed&nbsp;performance practice with a fresh&nbsp;musical approach. The artistic director of the&nbsp;Beethoven Philharmonie is the Viennese born conductor Thomas R\u00f6sner. Members of established&nbsp;Austrian orchestras play alongside international chamber musicians and highly&nbsp;talented young musicians,&nbsp;creating together a unique spirit, which&nbsp;distinguishes the Beethoven Philharmonie from many other orchestras. &hellip; <a href=\"https:\/\/beethovenphilharmonie.at\/en\/ueber-uns\/\">Continued<\/a><\/p>\n","protected":false},"author":1,"featured_media":786,"parent":0,"menu_order":0,"comment_status":"closed","ping_status":"closed","template":"","meta":{"_acf_changed":false,"footnotes":""},"class_list":["post-666","page","type-page","status-publish","has-post-thumbnail","hentry"],"acf":[],"yoast_head":"<!-- This site is optimized with the Yoast SEO plugin v27.2 - https:\/\/yoast.com\/product\/yoast-seo-wordpress\/ -->\n<title>The Orchestra - beethovenphilharmonie.at<\/title>\n<meta name=\"robots\" content=\"index, follow, max-snippet:-1, max-image-preview:large, max-video-preview:-1\" \/>\n<link rel=\"canonical\" href=\"https:\/\/beethovenphilharmonie.at\/en\/ueber-uns\/\" \/>\n<meta property=\"og:locale\" content=\"en_US\" \/>\n<meta property=\"og:type\" content=\"article\" \/>\n<meta property=\"og:title\" content=\"The Orchestra - beethovenphilharmonie.at\" \/>\n<meta property=\"og:description\" content=\"The Beethoven Philharmonie&nbsp;unites Viennese sound and refinement as well as historically informed&nbsp;performance practice with a fresh&nbsp;musical approach. The artistic director of the&nbsp;Beethoven Philharmonie is the Viennese born conductor Thomas R\u00f6sner. Members of established&nbsp;Austrian orchestras play alongside international chamber musicians and highly&nbsp;talented young musicians,&nbsp;creating together a unique spirit, which&nbsp;distinguishes the Beethoven Philharmonie from many other orchestras. &hellip; Continued\" \/>\n<meta property=\"og:url\" content=\"https:\/\/beethovenphilharmonie.at\/en\/ueber-uns\/\" \/>\n<meta property=\"og:site_name\" content=\"beethovenphilharmonie.at\" \/>\n<meta property=\"article:modified_time\" content=\"2025-12-05T17:11:36+00:00\" \/>\n<meta property=\"og:image\" content=\"https:\/\/beethovenphilharmonie.at\/app\/uploads\/2024\/08\/OrchesterFotoVariante2.jpg\" \/>\n\t<meta property=\"og:image:width\" content=\"1997\" \/>\n\t<meta property=\"og:image:height\" content=\"1344\" \/>\n\t<meta property=\"og:image:type\" content=\"image\/jpeg\" \/>\n<meta name=\"twitter:card\" content=\"summary_large_image\" \/>\n<meta name=\"twitter:label1\" content=\"Est. reading time\" \/>\n\t<meta name=\"twitter:data1\" content=\"3 minutes\" \/>\n<script type=\"application\/ld+json\" class=\"yoast-schema-graph\">{\"@context\":\"https:\/\/schema.org\",\"@graph\":[{\"@type\":\"WebPage\",\"@id\":\"https:\/\/beethovenphilharmonie.at\/en\/ueber-uns\/\",\"url\":\"https:\/\/beethovenphilharmonie.at\/en\/ueber-uns\/\",\"name\":\"The Orchestra - beethovenphilharmonie.at\",\"isPartOf\":{\"@id\":\"https:\/\/beethovenphilharmonie.at\/#website\"},\"primaryImageOfPage\":{\"@id\":\"https:\/\/beethovenphilharmonie.at\/en\/ueber-uns\/#primaryimage\"},\"image\":{\"@id\":\"https:\/\/beethovenphilharmonie.at\/en\/ueber-uns\/#primaryimage\"},\"thumbnailUrl\":\"https:\/\/beethovenphilharmonie.at\/app\/uploads\/2024\/08\/OrchesterFotoVariante2.jpg\",\"datePublished\":\"2024-05-28T06:39:55+00:00\",\"dateModified\":\"2025-12-05T17:11:36+00:00\",\"breadcrumb\":{\"@id\":\"https:\/\/beethovenphilharmonie.at\/en\/ueber-uns\/#breadcrumb\"},\"inLanguage\":\"en-US\",\"potentialAction\":[{\"@type\":\"ReadAction\",\"target\":[\"https:\/\/beethovenphilharmonie.at\/en\/ueber-uns\/\"]}]},{\"@type\":\"ImageObject\",\"inLanguage\":\"en-US\",\"@id\":\"https:\/\/beethovenphilharmonie.at\/en\/ueber-uns\/#primaryimage\",\"url\":\"https:\/\/beethovenphilharmonie.at\/app\/uploads\/2024\/08\/OrchesterFotoVariante2.jpg\",\"contentUrl\":\"https:\/\/beethovenphilharmonie.at\/app\/uploads\/2024\/08\/OrchesterFotoVariante2.jpg\",\"width\":1997,\"height\":1344},{\"@type\":\"BreadcrumbList\",\"@id\":\"https:\/\/beethovenphilharmonie.at\/en\/ueber-uns\/#breadcrumb\",\"itemListElement\":[{\"@type\":\"ListItem\",\"position\":1,\"name\":\"Home\",\"item\":\"https:\/\/beethovenphilharmonie.at\/en\/\"},{\"@type\":\"ListItem\",\"position\":2,\"name\":\"The Orchestra\"}]},{\"@type\":\"WebSite\",\"@id\":\"https:\/\/beethovenphilharmonie.at\/#website\",\"url\":\"https:\/\/beethovenphilharmonie.at\/\",\"name\":\"beethovenphilharmonie.at\",\"description\":\"\",\"potentialAction\":[{\"@type\":\"SearchAction\",\"target\":{\"@type\":\"EntryPoint\",\"urlTemplate\":\"https:\/\/beethovenphilharmonie.at\/?s={search_term_string}\"},\"query-input\":{\"@type\":\"PropertyValueSpecification\",\"valueRequired\":true,\"valueName\":\"search_term_string\"}}],\"inLanguage\":\"en-US\"}]}<\/script>\n<!-- \/ Yoast SEO plugin. -->","yoast_head_json":{"title":"The Orchestra - beethovenphilharmonie.at","robots":{"index":"index","follow":"follow","max-snippet":"max-snippet:-1","max-image-preview":"max-image-preview:large","max-video-preview":"max-video-preview:-1"},"canonical":"https:\/\/beethovenphilharmonie.at\/en\/ueber-uns\/","og_locale":"en_US","og_type":"article","og_title":"The Orchestra - beethovenphilharmonie.at","og_description":"The Beethoven Philharmonie&nbsp;unites Viennese sound and refinement as well as historically informed&nbsp;performance practice with a fresh&nbsp;musical approach. The artistic director of the&nbsp;Beethoven Philharmonie is the Viennese born conductor Thomas R\u00f6sner. Members of established&nbsp;Austrian orchestras play alongside international chamber musicians and highly&nbsp;talented young musicians,&nbsp;creating together a unique spirit, which&nbsp;distinguishes the Beethoven Philharmonie from many other orchestras. &hellip; Continued","og_url":"https:\/\/beethovenphilharmonie.at\/en\/ueber-uns\/","og_site_name":"beethovenphilharmonie.at","article_modified_time":"2025-12-05T17:11:36+00:00","og_image":[{"width":1997,"height":1344,"url":"https:\/\/beethovenphilharmonie.at\/app\/uploads\/2024\/08\/OrchesterFotoVariante2.jpg","type":"image\/jpeg"}],"twitter_card":"summary_large_image","twitter_misc":{"Est. reading time":"3 minutes"},"schema":{"@context":"https:\/\/schema.org","@graph":[{"@type":"WebPage","@id":"https:\/\/beethovenphilharmonie.at\/en\/ueber-uns\/","url":"https:\/\/beethovenphilharmonie.at\/en\/ueber-uns\/","name":"The Orchestra - beethovenphilharmonie.at","isPartOf":{"@id":"https:\/\/beethovenphilharmonie.at\/#website"},"primaryImageOfPage":{"@id":"https:\/\/beethovenphilharmonie.at\/en\/ueber-uns\/#primaryimage"},"image":{"@id":"https:\/\/beethovenphilharmonie.at\/en\/ueber-uns\/#primaryimage"},"thumbnailUrl":"https:\/\/beethovenphilharmonie.at\/app\/uploads\/2024\/08\/OrchesterFotoVariante2.jpg","datePublished":"2024-05-28T06:39:55+00:00","dateModified":"2025-12-05T17:11:36+00:00","breadcrumb":{"@id":"https:\/\/beethovenphilharmonie.at\/en\/ueber-uns\/#breadcrumb"},"inLanguage":"en-US","potentialAction":[{"@type":"ReadAction","target":["https:\/\/beethovenphilharmonie.at\/en\/ueber-uns\/"]}]},{"@type":"ImageObject","inLanguage":"en-US","@id":"https:\/\/beethovenphilharmonie.at\/en\/ueber-uns\/#primaryimage","url":"https:\/\/beethovenphilharmonie.at\/app\/uploads\/2024\/08\/OrchesterFotoVariante2.jpg","contentUrl":"https:\/\/beethovenphilharmonie.at\/app\/uploads\/2024\/08\/OrchesterFotoVariante2.jpg","width":1997,"height":1344},{"@type":"BreadcrumbList","@id":"https:\/\/beethovenphilharmonie.at\/en\/ueber-uns\/#breadcrumb","itemListElement":[{"@type":"ListItem","position":1,"name":"Home","item":"https:\/\/beethovenphilharmonie.at\/en\/"},{"@type":"ListItem","position":2,"name":"The Orchestra"}]},{"@type":"WebSite","@id":"https:\/\/beethovenphilharmonie.at\/#website","url":"https:\/\/beethovenphilharmonie.at\/","name":"beethovenphilharmonie.at","description":"","potentialAction":[{"@type":"SearchAction","target":{"@type":"EntryPoint","urlTemplate":"https:\/\/beethovenphilharmonie.at\/?s={search_term_string}"},"query-input":{"@type":"PropertyValueSpecification","valueRequired":true,"valueName":"search_term_string"}}],"inLanguage":"en-US"}]}},"_links":{"self":[{"href":"https:\/\/beethovenphilharmonie.at\/en\/wp-json\/wp\/v2\/pages\/666","targetHints":{"allow":["GET"]}}],"collection":[{"href":"https:\/\/beethovenphilharmonie.at\/en\/wp-json\/wp\/v2\/pages"}],"about":[{"href":"https:\/\/beethovenphilharmonie.at\/en\/wp-json\/wp\/v2\/types\/page"}],"author":[{"embeddable":true,"href":"https:\/\/beethovenphilharmonie.at\/en\/wp-json\/wp\/v2\/users\/1"}],"replies":[{"embeddable":true,"href":"https:\/\/beethovenphilharmonie.at\/en\/wp-json\/wp\/v2\/comments?post=666"}],"version-history":[{"count":7,"href":"https:\/\/beethovenphilharmonie.at\/en\/wp-json\/wp\/v2\/pages\/666\/revisions"}],"predecessor-version":[{"id":1212,"href":"https:\/\/beethovenphilharmonie.at\/en\/wp-json\/wp\/v2\/pages\/666\/revisions\/1212"}],"wp:featuredmedia":[{"embeddable":true,"href":"https:\/\/beethovenphilharmonie.at\/en\/wp-json\/wp\/v2\/media\/786"}],"wp:attachment":[{"href":"https:\/\/beethovenphilharmonie.at\/en\/wp-json\/wp\/v2\/media?parent=666"}],"curies":[{"name":"wp","href":"https:\/\/api.w.org\/{rel}","templated":true}]}}