{"id":688,"date":"2024-07-11T20:46:29","date_gmt":"2024-07-11T20:46:29","guid":{"rendered":"https:\/\/beethovenphilharmonie.at\/imprint-agb\/"},"modified":"2024-09-12T17:00:29","modified_gmt":"2024-09-12T17:00:29","slug":"imprint","status":"publish","type":"page","link":"https:\/\/beethovenphilharmonie.at\/en\/imprint\/","title":{"rendered":"Imprint\/AGB"},"content":{"rendered":"\n<div class=\"wp-block-group is-vertical is-layout-flex wp-container-core-group-is-layout-8cf370e7 wp-block-group-is-layout-flex\">\n<div class=\"wp-block-group is-vertical is-layout-flex wp-container-core-group-is-layout-8cf370e7 wp-block-group-is-layout-flex\">\n<h2 class=\"wp-block-heading\">AGB<\/h2>\n\n\n\n<h3 class=\"wp-block-heading\">Zweck<\/h3>\n\n\n\n<p>Diese Website dient der Vermittlung von Informationen \u00fcber die Beethoven Philharmonie und der Buchung von Abos.<\/p>\n\n\n\n<h3 class=\"wp-block-heading\">Benutzungsbestimmungen und Copyright<\/h3>\n\n\n\n<p>Die auf dieser Website angebotenen Informationen werden sorgf\u00e4ltig gepr\u00fcft und regelm\u00e4\u00dfig aktualisiert. F\u00fcr die Vollst\u00e4ndigkeit, Aktualit\u00e4t und Richtigkeit der Angaben der im Rahmen dieser Internetseiten angebotenen Inhalte wird keine Gew\u00e4hr \u00fcbernommen. \u00c4nderungen und Irrt\u00fcmer sind vorbehalten. Der Zugang und die Benutzung der Website wie auch jeder darin enthaltenen oder verwiesenen Information geschieht in der alleinigen Verantwortung des Benutzers. Verweise auf andere Internetseiten sind charakteristische Elemente des WWW. Inhalte von verwiesenen Seiten sind jedoch ausdr\u00fccklich kein Bestandteil dieser Website. Eine Gew\u00e4hrleistung oder Haftung f\u00fcr Inhalte und inhaltliche \u00c4nderungen auf verwiesenen Seiten ist ausdr\u00fccklich ausgeschlossen. Die Verwendung beliebiger Inhalte dieser Website, insbesondere deren Vervielf\u00e4ltigung, Verbreitung, Sendung und Auff\u00fchrung f\u00fcr kommerzielle Zwecke ist untersagt.       <\/p>\n\n\n\n<h3 class=\"wp-block-heading\">Datenschutz<\/h3>\n\n\n\n<p>Es gilt jene Datenschutzerkl\u00e4rung, die unter https:\/\/beethovenphilharmonie.at\/impressum\/nachzulesen ist.<\/p>\n\n\n\n<h3 class=\"wp-block-heading\">Abobestellung und Kartenbuchung<\/h3>\n\n\n\n<p>Die Abobestellung und die Buchung von Einzelkarten bei der Beethoven Philharmonie \u00fcber unsere Homepage, telefonisch oder per E-Mail ist verbindlich. Nach erfolgreich get\u00e4tigter Buchung erhalten Sie eine Buchungsbest\u00e4tigung und eine Rechnung. Gem\u00e4\u00df Ihrer Rechnung erfolgt die Bezahlung entsprechend dem von Ihnen gew\u00e4hlten Zahlungsmittel. Die Zustellung Ihrer Karten erfolgt gem\u00e4\u00df der von Ihnen gew\u00e4hlten Zustellungsm\u00f6glichkeit.<\/p>\n\n\n\n<h3 class=\"wp-block-heading\">Kinder-, Sch\u00fcler- und Studentenkarten<\/h3>\n\n\n\n<p>Kinder und Jugendliche bis 27 Jahre erhalten 50 % Erm\u00e4\u00dfigung auf ihr Ticket. Bitte beachten Sie, dass erm\u00e4\u00dfigte Karten nur gegen pers\u00f6nliche Vorlage eines g\u00fcltigen Lichtbildausweises mit Altersnachweis (keine Kopie) g\u00fcltig sind.  <\/p>\n\n\n\n<h3 class=\"wp-block-heading\">Storno<\/h3>\n\n\n\n<p>Die Stornierung von Abos ist grunds\u00e4tzlich ausgeschlossen.<\/p>\n\n\n\n<h3 class=\"wp-block-heading\">Kartenr\u00fcckgabe<\/h3>\n\n\n\n<p>Ein Ersatz f\u00fcr nicht oder (z.B. durch Zusp\u00e4tkommende) nur teilweise in Anspruch genommene Karten oder f\u00fcr wie auch immer abhanden gekommene Karten kann nicht geleistet werden.<\/p>\n\n\n\n<h3 class=\"wp-block-heading\">Duplikatkarten<\/h3>\n\n\n\n<p>Duplikatkarten f\u00fcr verloren gegangene Karten k\u00f6nnen mit der Zahlungsbest\u00e4tigung beim Ticket Service im Casino ausgestellt werden. Falls beim Konzert jedoch die Originalkarten vorgezeigt werden, verlieren die Duplikatkarten ihre G\u00fcltigkeit.<br>Besetzungs-, Termin- und\/oder Programm\u00e4nderungen sind vorbehalten und berechtigen nicht zur R\u00fcckgabe der Eintrittskarten. <\/p>\n\n\n\n<h3 class=\"wp-block-heading\">Hausordnung<\/h3>\n\n\n\n<p>Es gilt die Hausordnung des jeweiligen Veranstaltungsortes. Der Veranstalter beh\u00e4lt sich das Recht vor, den Einlass aus wichtigen Gr\u00fcnden zu verwehren. W\u00e4hrend der Auff\u00fchrung sind jegliche Bild- und Tonaufnahmen sowie die Verwendung von Mobiltelefonen strikt untersagt. Die Benutzung der Garderobe ist f\u00fcr M\u00e4ntel, Jacken, Regenschirme, Rucks\u00e4cke und dergleichen verpflichtend. Die Mitnahme von Tieren in den Konzertsaal ist verboten, wobei eine Ausnahme f\u00fcr offizielle Assistenzhunde besteht.    <\/p>\n<\/div>\n\n\n\n<div class=\"wp-block-group is-vertical is-layout-flex wp-container-core-group-is-layout-8cf370e7 wp-block-group-is-layout-flex\">\n<h2 class=\"wp-block-heading\">Imprint<\/h2>\n\n\n\n<h3 class=\"wp-block-heading\">Informationspflicht lt. \u00a7 5 Abs. 1 E-Commerce-Gesetz \u2028Informationen zur Website: <\/h3>\n\n\n\n<h3 class=\"wp-block-heading\">Medieninhaber:<\/h3>\n\n\n\n<p>Beethoven Philharmonie (Sinfonietta Baden)<br>Roseggerstr. 24, A-2500 Baden<br>ZVR: 406496272<\/p>\n\n\n\n<h3 class=\"wp-block-heading\">Gesch\u00e4ftsf\u00fchrung:<\/h3>\n\n\n\n<p>Mag. Astrid Braunsperger<br>braunsperger@beethovenphilharmonie.at<br>Tel.: +43 676 350 25 63<\/p>\n\n\n\n<p>Alle Informationen wurden mit gr\u00f6\u00dftm\u00f6glicher Sorgfalt zusammengestellt, jedoch kann f\u00fcr Inhalt und Richtigkeit keine Gew\u00e4hr \u00fcbernommen werden. Jegliche Haftung betreffend Links zu anderen Webseiten und der Richtigkeit und Aktualit\u00e4t der enthaltenen Angaben sowie f\u00fcr Datenverlust oder andere technische Beeintr\u00e4chtigungen, die beim Betrachten oder Herunterladen von Daten dieser Website entstehen k\u00f6nnen, ist ausgeschlossen. <\/p>\n\n\n\n<p>Alle Rechte vorbehalten. Der Medieninhaber gestattet die \u00dcbernahme von Dateien dieser Website nur f\u00fcr den privaten Gebrauch. Die \u00dcbernahme und Nutzung der Daten zu anderen Zwecken bedarf der vorhergehenden schriftlichen Zustimmung der Beethoven Philharmonie. \u00a9 2018   <\/p>\n\n\n\n<h3 class=\"wp-block-heading\">Datenschutzerkl\u00e4rung \u2013 Informationspflicht<\/h3>\n\n\n\n<p>Der Verein Beethoven Philharmonie legt gro\u00dfen Wert auf den Schutz Ihrer personenbezogenen Daten \u2013 darunter fallen alle Informationen, die sich auf eine identifizierte oder identifizierbare nat\u00fcrliche Person beziehen. Ihre Daten werden nur auf Basis einer gesetzlichen oder vertraglichen Grundlage, aufgrund Ihrer Einwilligung oder im Rahmen eines berechtigten Interesses f\u00fcr konkrete und definierte Zwecke verarbeitet.<\/p>\n\n\n\n<h3 class=\"wp-block-heading\">Kontaktaufnahme \/ Anfragen<\/h3>\n\n\n\n<p>Sie haben die M\u00f6glichkeit, \u00fcber per Email oder telefonisch Anfragen zu Ihren Daten zu stellen: info@beethovenphilharmonie.at. Ihre bekannt gegebenen Daten (wie E-Mail-Adresse, Name, Telefonnummer) werden ausschlie\u00dflich f\u00fcr die Bearbeitung Ihrer Anfrage verwendet. <\/p>\n\n\n\n<h3 class=\"wp-block-heading\">Newsletter<\/h3>\n\n\n\n<p>Sie haben die M\u00f6glichkeit, \u00fcber unsere Website Newsletter zu abonnieren. Hierf\u00fcr ben\u00f6tigen wir Ihre E-Mail-Adresse und ihre Erkl\u00e4rung, dass Sie mit dem Bezug des Newsletters einverstanden sind.Hierf\u00fcr werden Ihre bekannt gegebenen pers\u00f6nlichen Daten (E-Mail-Adresse, Anrede, Vor- und Zuname) gespeichert und automationsunterst\u00fctzt verarbeitet. Diese Daten werden ausschlie\u00dflich f\u00fcr den Newsletter-Versand verarbeitet und nicht an Dritte weitergegeben. Selbstverst\u00e4ndlich k\u00f6nnen Sie sich jederzeit und kostenlos durch Bet\u00e4tigen des Abmeldebuttons (in jedem Newsletter) wieder abmelden.Ebenso k\u00f6nnen Sie sich jederzeit und kostenlos wieder von diesem Newsletter unter info@beethovenphilharmonie.at abmelden.   <\/p>\n\n\n\n<h3 class=\"wp-block-heading\">Kartenbestellung<\/h3>\n\n\n\n<p>Sie haben die M\u00f6glichkeit, per Email Abos zu bestellen. Ihre bekannt gegebenen Daten (Anrede, Vor- und Zuname, Adresse, E-Mail; optional: Titel, Telefon) werden ausschlie\u00dflich f\u00fcr die Zusendung der Rechnung, der gew\u00fcnschten Karten sowie weiterer Informationen, die mit der Abo-Bestellung verbunden sind, verwendet. Die Aufbewahrungsdauer Ihrer bekannt gegebenen Daten richtet sich nach den gesetzlich geltenden Regelungen und betr\u00e4gt max. 7 Jahre.   <\/p>\n\n\n\n<h3 class=\"wp-block-heading\">Weitergabe von Daten<\/h3>\n\n\n\n<p>Eine Weitergabe Ihrer Daten erfolgt nur, wenn Sie Ihre Zustimmung erteilt haben oder dies im Rahmen der Auftragserf\u00fcllung (z.B. Auftragsverarbeiter) erforderlich ist.<\/p>\n\n\n\n<h3 class=\"wp-block-heading\">Cookies<\/h3>\n\n\n\n<p>Unsere Website verwendet Cookies. Dabei handelt es sich um kleine Textdateien, die mit Hilfe des Browsers auf Ihrem Endger\u00e4t abgelegt werden. Sie richten keinen Schaden an. Sie erm\u00f6glichen eine Analyse der Benutzung der Website und unterst\u00fctzen die Userfreundlichkeit von Websites, somit auch die Nutzer und dienen der Erfassung statistischer Daten der Websitenutzung sowie der Analyse zur Verbesserung des Angebotes. Einige Cookies bleiben auf Ihrem Endger\u00e4t gespeichert, bis Sie diese l\u00f6schen. Sie erm\u00f6glichen es uns, Ihren Browser beim n\u00e4chsten Besuch wiederzuerkennen.Sie k\u00f6nnen auf den Einsatz von Cookies Einfluss nehmen und Ihren Browser entsprechend konfigurieren; Browser verf\u00fcgen in der Regel \u00fcber Optionen, wodurch sich das Speichern von Cookies einschr\u00e4nken oder zur G\u00e4nze unterbinden l\u00e4sst. Bei der Deaktivierung von Cookies kann die Funktionalit\u00e4t unserer Website eingeschr\u00e4nkt sein.      <\/p>\n\n\n\n<h3 class=\"wp-block-heading\">Web-Analyse-Tools \u2013 Google Analytics<\/h3>\n\n\n\n<p>Diese Website benutzt Google Analytics, einen Webanalysedienst der Google Inc. (\u201eGoogle\u201c). Google Analytics verwendet sog. \u201eCookies\u201c, also Textdateien, die auf Ihrem Computer gespeichert werden und die eine Analyse der Benutzung erm\u00f6glichen. Die durch den Cookie erzeugten Informationen \u00fcber Ihre Benutzung von dieser Webseite (z.B. IP-Adresse, Zugriffe, Navigationsfluss, Verweildauer, verwendete Browser und Endger\u00e4te, Sprache und Land) werden an einen Server von Google in den USA \u00fcbertragen und dort gespeichert.Aufgrund der Aktivierung der IP-Anonymisierung (Funktion \u201e_anonymizeIp()\u201c) wird Ihre ermittelte IP-Adresse von Google jedoch innerhalb von Mitgliedstaaten der Europ\u00e4ischen Union oder in anderen Vertragsstaaten des Abkommens \u00fcber den Europ\u00e4ischen Wirtschaftsraum zuvor gek\u00fcrzt. Lediglich in Ausnahmef\u00e4llen wird die volle IP-Adresse an einen Server von Google in den USA \u00fcbertragen und dort gek\u00fcrzt. Google wird diese Informationen benutzen, um Ihre Nutzung dieser Webseite auszuwerten, um Reports \u00fcber die Websiteaktivit\u00e4ten f\u00fcr die Websitebetreiber zusammenzustellen und um weitere mit der Websitenutzung und der Internetnutzung verbundene Dienstleistungen zu erbringen. Auch wird Google diese Informationen gegebenenfalls an Dritte \u00fcbertragen, sofern dies gesetzlich vorgeschrieben oder soweit Dritte diese Daten im Auftrag von Google verarbeiten. Durch Browser-Plugins k\u00f6nnen Sie die Erfassung der durch Cookies erzeugten und auf Ihre Nutzung bezogenen Daten durch Google verhindern.       <\/p>\n\n\n\n<h3 class=\"wp-block-heading\">Sonstige Webanalyse Tools:<\/h3>\n\n\n\n<p>Unsere Website verwendet Funktionen von unterschiedlichen Web Analyse Tools wie zB. Webalizer, AW-Stats, die mit Logdateien arbeitet und zum Teil unter der GPL (General Public License) steht. Dazu werden Cookies verwendet, die eine Analyse der Benutzung der Webseite durch Ihre Benutzer erm\u00f6glicht. Die dadurch erzeugten Informationen werden auf unsere Server \u00fcbertragen und dort gespeichert.Sie k\u00f6nnen dies verhindern, indem Sie Ihren Browser so einrichten, dass keine Cookies gespeichert werden.Wir verwenden diese Tools zu Marketing- und Optimierungszwecken, insbesondere um die Nutzung unserer Webseite analysieren zu k\u00f6nnen und darauf aufbauend Funktionen und Angebote, sowie das Nutzungserlebnis fortlaufend verbessern zu k\u00f6nnen. Durch statistische Auswertungen des Nutzerverhaltens k\u00f6nnen wir unser Angebot verbessern und f\u00fcr Sie als Nutzer interessanter gestalten. Hierin liegt auch unser berechtigtes Interesse an der Verarbeitung vorstehender Daten.Die erhobenen Daten (z.B. IP-Adresse) werden gespeichert und pseudonymisiert oder anynomisiert weiterverarbeitet.Die Datenverarbeitung erfolgt auf Basis der gesetzlichen Bestimmungen des \u00a7 96 Abs 3 TKG sowie des Art 6 Abs 1 lit a (Einwilligung) und\/oder f (berechtigtes Interesse) der DSGVO.     <\/p>\n\n\n\n<h3 class=\"wp-block-heading\">Speicherfrist<\/h3>\n\n\n\n<p>Angelehnt an gesetzlichen Aufbewahrungs- und Verj\u00e4hrungsfristen, z.B. Aufbewahrungspflicht von Finanzdokumenten wie Rechnungen, werden ihre Daten zumindest 7 Jahre gespeichert. Die Frist beginnt immer dann zu laufen, wenn Sie mit dem Verein Beethoven Philharmonie in Kontakt treten (Anfragen, Kartenreservierungen, Korrespondenz). Wenn nach Ablauf der Frist keine wie auch immer geartete Interaktion stattgefunden hat werden die Daten automatisch gel\u00f6scht. Davor haben Sie jederzeit die M\u00f6glichkeit die L\u00f6schung ihrer Daten im gesetzlich m\u00f6glichen Rahmen zu veranlassen. Senden Sie dazu ein E-Mail an info@beethovenphilharmonie.at.<\/p>\n\n\n\n<h3 class=\"wp-block-heading\">Haftungsausschluss<\/h3>\n\n\n\n<p>Trotz h\u00f6chster Sorgfalt bei der Auswahl und Darstellung besteht kein Anspruch auf Richtigkeit und Vollst\u00e4ndigkeit; eine Haftung f\u00fcr den Inhalt ist ausdr\u00fccklich ausgeschlossen. F\u00fcr die Inhalte aller Links, die zu Seiten au\u00dferhalb von www.beethovenphilharmonie.at f\u00fchren, wird die Haftung ausdr\u00fccklich ausgeschlossen; f\u00fcr die dort enthaltenen Informationen ist der jeweilige Webseitenanbieter verantwortlich.Bei den Serviceinformationen handelt es sich um unverbindliche Informationen im \u00dcberblick. Der Inhalt wurde mit gr\u00f6\u00dfter Sorgfalt recherchiert und ausgearbeitet und erhebt keinen Anspruch auf Vollst\u00e4ndigkeit und Richtigkeit. Die Informationen k\u00f6nnen jederzeit abge\u00e4ndert und aktualisiert werden. Eine Haftung f\u00fcr den Inhalt sowie f\u00fcr weiterf\u00fchrende Links ist ausdr\u00fccklich ausgeschlossen.<\/p>\n\n\n\n<h3 class=\"wp-block-heading\">Ihre Rechte<\/h3>\n\n\n\n<p>Ihnen stehen grunds\u00e4tzlich die Rechte auf Auskunft \u00fcber Ihre verarbeiteten Daten, sowie deren Berichtigung, L\u00f6schung, Einschr\u00e4nkung, \u00dcbertragbarkeit, Widerruf und Widerspruch zu. Zur Aus\u00fcbung dieser Rechte nehmen Sie bitte Kontakt mit dem Verein Beethoven Philharmonie auf: info@beethovenphilharmonie.at<\/p>\n<\/div>\n<\/div>\n","protected":false},"excerpt":{"rendered":"<p>AGB Zweck Diese Website dient der Vermittlung von Informationen \u00fcber die Beethoven Philharmonie und der Buchung von Abos. Benutzungsbestimmungen und Copyright Die auf dieser Website angebotenen Informationen werden sorgf\u00e4ltig gepr\u00fcft und regelm\u00e4\u00dfig aktualisiert. F\u00fcr die Vollst\u00e4ndigkeit, Aktualit\u00e4t und Richtigkeit der Angaben der im Rahmen dieser Internetseiten angebotenen Inhalte wird keine Gew\u00e4hr \u00fcbernommen. \u00c4nderungen und Irrt\u00fcmer &hellip; <a href=\"https:\/\/beethovenphilharmonie.at\/en\/imprint\/\">Continued<\/a><\/p>\n","protected":false},"author":1,"featured_media":0,"parent":0,"menu_order":0,"comment_status":"closed","ping_status":"closed","template":"","meta":{"_acf_changed":false,"footnotes":""},"class_list":["post-688","page","type-page","status-publish","hentry"],"acf":[],"yoast_head":"<!-- This site is optimized with the Yoast SEO plugin v27.4 - https:\/\/yoast.com\/product\/yoast-seo-wordpress\/ -->\n<title>Imprint\/AGB - beethovenphilharmonie.at<\/title>\n<meta name=\"robots\" content=\"index, follow, max-snippet:-1, max-image-preview:large, max-video-preview:-1\" \/>\n<link rel=\"canonical\" href=\"https:\/\/beethovenphilharmonie.at\/imprint\/\" \/>\n<meta property=\"og:locale\" content=\"en_US\" \/>\n<meta property=\"og:type\" content=\"article\" \/>\n<meta property=\"og:title\" content=\"Imprint\/AGB - beethovenphilharmonie.at\" \/>\n<meta property=\"og:description\" content=\"AGB Zweck Diese Website dient der Vermittlung von Informationen \u00fcber die Beethoven Philharmonie und der Buchung von Abos. Benutzungsbestimmungen und Copyright Die auf dieser Website angebotenen Informationen werden sorgf\u00e4ltig gepr\u00fcft und regelm\u00e4\u00dfig aktualisiert. F\u00fcr die Vollst\u00e4ndigkeit, Aktualit\u00e4t und Richtigkeit der Angaben der im Rahmen dieser Internetseiten angebotenen Inhalte wird keine Gew\u00e4hr \u00fcbernommen. \u00c4nderungen und Irrt\u00fcmer &hellip; Continued\" \/>\n<meta property=\"og:url\" content=\"https:\/\/beethovenphilharmonie.at\/imprint\/\" \/>\n<meta property=\"og:site_name\" content=\"beethovenphilharmonie.at\" \/>\n<meta property=\"article:modified_time\" content=\"2024-09-12T17:00:29+00:00\" \/>\n<meta name=\"twitter:card\" content=\"summary_large_image\" \/>\n<meta name=\"twitter:label1\" content=\"Est. reading time\" \/>\n\t<meta name=\"twitter:data1\" content=\"8 minutes\" \/>\n<script type=\"application\/ld+json\" class=\"yoast-schema-graph\">{\"@context\":\"https:\\\/\\\/schema.org\",\"@graph\":[{\"@type\":\"WebPage\",\"@id\":\"https:\\\/\\\/beethovenphilharmonie.at\\\/imprint\\\/\",\"url\":\"https:\\\/\\\/beethovenphilharmonie.at\\\/imprint\\\/\",\"name\":\"Imprint\\\/AGB - beethovenphilharmonie.at\",\"isPartOf\":{\"@id\":\"https:\\\/\\\/beethovenphilharmonie.at\\\/#website\"},\"datePublished\":\"2024-07-11T20:46:29+00:00\",\"dateModified\":\"2024-09-12T17:00:29+00:00\",\"breadcrumb\":{\"@id\":\"https:\\\/\\\/beethovenphilharmonie.at\\\/imprint\\\/#breadcrumb\"},\"inLanguage\":\"en-US\",\"potentialAction\":[{\"@type\":\"ReadAction\",\"target\":[\"https:\\\/\\\/beethovenphilharmonie.at\\\/imprint\\\/\"]}]},{\"@type\":\"BreadcrumbList\",\"@id\":\"https:\\\/\\\/beethovenphilharmonie.at\\\/imprint\\\/#breadcrumb\",\"itemListElement\":[{\"@type\":\"ListItem\",\"position\":1,\"name\":\"Home\",\"item\":\"https:\\\/\\\/beethovenphilharmonie.at\\\/en\\\/\"},{\"@type\":\"ListItem\",\"position\":2,\"name\":\"Imprint\\\/AGB\"}]},{\"@type\":\"WebSite\",\"@id\":\"https:\\\/\\\/beethovenphilharmonie.at\\\/#website\",\"url\":\"https:\\\/\\\/beethovenphilharmonie.at\\\/\",\"name\":\"beethovenphilharmonie.at\",\"description\":\"\",\"potentialAction\":[{\"@type\":\"SearchAction\",\"target\":{\"@type\":\"EntryPoint\",\"urlTemplate\":\"https:\\\/\\\/beethovenphilharmonie.at\\\/?s={search_term_string}\"},\"query-input\":{\"@type\":\"PropertyValueSpecification\",\"valueRequired\":true,\"valueName\":\"search_term_string\"}}],\"inLanguage\":\"en-US\"}]}<\/script>\n<!-- \/ Yoast SEO plugin. -->","yoast_head_json":{"title":"Imprint\/AGB - beethovenphilharmonie.at","robots":{"index":"index","follow":"follow","max-snippet":"max-snippet:-1","max-image-preview":"max-image-preview:large","max-video-preview":"max-video-preview:-1"},"canonical":"https:\/\/beethovenphilharmonie.at\/imprint\/","og_locale":"en_US","og_type":"article","og_title":"Imprint\/AGB - beethovenphilharmonie.at","og_description":"AGB Zweck Diese Website dient der Vermittlung von Informationen \u00fcber die Beethoven Philharmonie und der Buchung von Abos. Benutzungsbestimmungen und Copyright Die auf dieser Website angebotenen Informationen werden sorgf\u00e4ltig gepr\u00fcft und regelm\u00e4\u00dfig aktualisiert. F\u00fcr die Vollst\u00e4ndigkeit, Aktualit\u00e4t und Richtigkeit der Angaben der im Rahmen dieser Internetseiten angebotenen Inhalte wird keine Gew\u00e4hr \u00fcbernommen. \u00c4nderungen und Irrt\u00fcmer &hellip; Continued","og_url":"https:\/\/beethovenphilharmonie.at\/imprint\/","og_site_name":"beethovenphilharmonie.at","article_modified_time":"2024-09-12T17:00:29+00:00","twitter_card":"summary_large_image","twitter_misc":{"Est. reading time":"8 minutes"},"schema":{"@context":"https:\/\/schema.org","@graph":[{"@type":"WebPage","@id":"https:\/\/beethovenphilharmonie.at\/imprint\/","url":"https:\/\/beethovenphilharmonie.at\/imprint\/","name":"Imprint\/AGB - beethovenphilharmonie.at","isPartOf":{"@id":"https:\/\/beethovenphilharmonie.at\/#website"},"datePublished":"2024-07-11T20:46:29+00:00","dateModified":"2024-09-12T17:00:29+00:00","breadcrumb":{"@id":"https:\/\/beethovenphilharmonie.at\/imprint\/#breadcrumb"},"inLanguage":"en-US","potentialAction":[{"@type":"ReadAction","target":["https:\/\/beethovenphilharmonie.at\/imprint\/"]}]},{"@type":"BreadcrumbList","@id":"https:\/\/beethovenphilharmonie.at\/imprint\/#breadcrumb","itemListElement":[{"@type":"ListItem","position":1,"name":"Home","item":"https:\/\/beethovenphilharmonie.at\/en\/"},{"@type":"ListItem","position":2,"name":"Imprint\/AGB"}]},{"@type":"WebSite","@id":"https:\/\/beethovenphilharmonie.at\/#website","url":"https:\/\/beethovenphilharmonie.at\/","name":"beethovenphilharmonie.at","description":"","potentialAction":[{"@type":"SearchAction","target":{"@type":"EntryPoint","urlTemplate":"https:\/\/beethovenphilharmonie.at\/?s={search_term_string}"},"query-input":{"@type":"PropertyValueSpecification","valueRequired":true,"valueName":"search_term_string"}}],"inLanguage":"en-US"}]}},"_links":{"self":[{"href":"https:\/\/beethovenphilharmonie.at\/en\/wp-json\/wp\/v2\/pages\/688","targetHints":{"allow":["GET"]}}],"collection":[{"href":"https:\/\/beethovenphilharmonie.at\/en\/wp-json\/wp\/v2\/pages"}],"about":[{"href":"https:\/\/beethovenphilharmonie.at\/en\/wp-json\/wp\/v2\/types\/page"}],"author":[{"embeddable":true,"href":"https:\/\/beethovenphilharmonie.at\/en\/wp-json\/wp\/v2\/users\/1"}],"replies":[{"embeddable":true,"href":"https:\/\/beethovenphilharmonie.at\/en\/wp-json\/wp\/v2\/comments?post=688"}],"version-history":[{"count":3,"href":"https:\/\/beethovenphilharmonie.at\/en\/wp-json\/wp\/v2\/pages\/688\/revisions"}],"predecessor-version":[{"id":854,"href":"https:\/\/beethovenphilharmonie.at\/en\/wp-json\/wp\/v2\/pages\/688\/revisions\/854"}],"wp:attachment":[{"href":"https:\/\/beethovenphilharmonie.at\/en\/wp-json\/wp\/v2\/media?parent=688"}],"curies":[{"name":"wp","href":"https:\/\/api.w.org\/{rel}","templated":true}]}}